{"id":8,"date":"2019-11-12T15:12:06","date_gmt":"2019-11-12T15:12:06","guid":{"rendered":"http:\/\/balaton.urbango.hu\/?page_id=8"},"modified":"2024-06-14T11:17:01","modified_gmt":"2024-06-14T09:17:01","slug":"tihany","status":"publish","type":"page","link":"https:\/\/balaton.urbango.hu\/en\/balaton\/tihany\/","title":{"rendered":"Tihany"},"content":{"rendered":"<p><strong>Hallottatok m\u00e1r a Kincses f\u00e9lszigetr\u0151l?<\/strong><\/p>\n\n\n\n<p>Tihanyr\u00f3l, a levendul\u00e1r\u00f3l \u00e9s a visszhangr\u00f3l m\u00e1r biztosan. Az Urbango els\u0151 balatoni kincskeres\u0151 kalandj\u00e1val most ezt a csod\u00e1latos k\u00f6rny\u00e9ket fedezhetitek fel \u00e9s n\u00e9zhettek \u00fagy az esetleg ismert helysz\u00ednekre, ahogy eddig m\u00e9g sosem. Tal\u00e1n olyan helyekre is r\u00e1csod\u00e1lkoztok majd, melyek l\u00e9tez\u00e9s\u00e9r\u0151l eddig nem is tudtatok, pedig \u00e1tutaztatok m\u00e1r n\u00e9h\u00e1nyszor a kis k\u00f6zs\u00e9gen. Hallottatok m\u00e1r p\u00e9ld\u00e1ul Primaver\u00e1r\u00f3l? \ud83d\ude42 A f\u0151t\u00e9rr\u0151l fogtok indulni \u00e9s egy k\u00fcl\u00f6nleges \u201epap\u00edrir\u00e1nyt\u0171\u201d vezeti majd l\u00e9pteiteket 13 \u00e1llom\u00e1son kereszt\u00fcl eg\u00e9szen a &#8222;kincsig&#8221;. Erre a p\u00e1ly\u00e1ra is igaz, hogy let\u00e9rhettek az \u00fatvonalr\u00f3l egy fagyi vagy h\u0171s\u00edt\u0151 limon\u00e1d\u00e9 kedv\u00e9\u00e9rt. Igazi kikapcsol\u00f3d\u00e1s, ha \u00fajra felfedezn\u00e9tek Tihanyt, \u00e9s m\u00e1r unj\u00e1tok a strandot vagy \u00e9pp bor\u00fas az id\u0151.V\u00e1runk Titeket Tihanyban!<\/p>\n\n\n\n<p><\/p>","protected":false},"excerpt":{"rendered":"<p>Hallottatok m\u00e1r a Kincses f\u00e9lszigetr\u0151l? Tihanyr\u00f3l, a levendul\u00e1r\u00f3l \u00e9s a visszhangr\u00f3l m\u00e1r biztosan. Az Urbango els\u0151 balatoni kincskeres\u0151 kalandj\u00e1val most ezt a csod\u00e1latos k\u00f6rny\u00e9ket fedezhetitek fel \u00e9s n\u00e9zhettek \u00fagy az esetleg ismert helysz\u00ednekre, ahogy eddig m\u00e9g sosem. Tal\u00e1n olyan helyekre is r\u00e1csod\u00e1lkoztok majd, melyek l\u00e9tez\u00e9s\u00e9r\u0151l eddig nem is tudtatok, pedig \u00e1tutaztatok m\u00e1r n\u00e9h\u00e1nyszor a kis [&hellip;]<\/p>","protected":false},"author":1,"featured_media":0,"parent":5636,"menu_order":0,"comment_status":"closed","ping_status":"closed","template":"track.php","meta":{"_acf_changed":false,"footnotes":""},"class_list":["post-8","page","type-page","status-publish","hentry"],"acf":[],"_links":{"self":[{"href":"https:\/\/balaton.urbango.hu\/en\/wp-json\/wp\/v2\/pages\/8","targetHints":{"allow":["GET"]}}],"collection":[{"href":"https:\/\/balaton.urbango.hu\/en\/wp-json\/wp\/v2\/pages"}],"about":[{"href":"https:\/\/balaton.urbango.hu\/en\/wp-json\/wp\/v2\/types\/page"}],"author":[{"embeddable":true,"href":"https:\/\/balaton.urbango.hu\/en\/wp-json\/wp\/v2\/users\/1"}],"replies":[{"embeddable":true,"href":"https:\/\/balaton.urbango.hu\/en\/wp-json\/wp\/v2\/comments?post=8"}],"version-history":[{"count":4,"href":"https:\/\/balaton.urbango.hu\/en\/wp-json\/wp\/v2\/pages\/8\/revisions"}],"predecessor-version":[{"id":5641,"href":"https:\/\/balaton.urbango.hu\/en\/wp-json\/wp\/v2\/pages\/8\/revisions\/5641"}],"up":[{"embeddable":true,"href":"https:\/\/balaton.urbango.hu\/en\/wp-json\/wp\/v2\/pages\/5636"}],"wp:attachment":[{"href":"https:\/\/balaton.urbango.hu\/en\/wp-json\/wp\/v2\/media?parent=8"}],"curies":[{"name":"wp","href":"https:\/\/api.w.org\/{rel}","templated":true}]}}