{"id":5636,"date":"2024-06-14T10:49:27","date_gmt":"2024-06-14T08:49:27","guid":{"rendered":"https:\/\/balaton.urbango.hu\/?page_id=5636"},"modified":"2024-06-14T10:49:43","modified_gmt":"2024-06-14T08:49:43","slug":"balaton","status":"publish","type":"page","link":"https:\/\/balaton.urbango.hu\/en\/","title":{"rendered":"Balaton"},"content":{"rendered":"<h2 class=\"wp-block-heading\">Balaton &#8211; a mi tenger\u00fcnk<\/h2>\n\n\n\n<p>\u00dagy tekint\u00fcnk r\u00e1, mint egy r\u00e9gi kedves ismer\u0151sre, akit viszontl\u00e1tni mindig kellemes \u00e9s \u00f6r\u00f6mteli. Ti is r\u00e1csod\u00e1lkoztatok m\u00e1r, hogy h\u00e1nyf\u00e9le arc\u00e1t tudja mutatni? Pont olyan, mint az UrbanGo, ha egyszer megszereted, nem enged \u2013 viszont nem lehet megunni! Sokan k\u00e9rt\u00e9tek, mi is szerett\u00fck volna \u2013 \u00edgy mostant\u00f3l a Balatonon sem maradtok kincsvad\u00e1szat n\u00e9lk\u00fcl.<\/p>\n\n\n\n<p><a class=\"facebook\" href=\"https:\/\/www.facebook.com\/UrbangoHungary\/\" target=\"_blank\" rel=\"noreferrer noopener\">facebook<\/a> <a href=\"https:\/\/www.instagram.com\/urbango_budapest\/\" target=\"_blank\" rel=\"noreferrer noopener\" class=\"insta\">instagram<\/a><\/p>","protected":false},"excerpt":{"rendered":"<p>Balaton &#8211; a mi tenger\u00fcnk \u00dagy tekint\u00fcnk r\u00e1, mint egy r\u00e9gi kedves ismer\u0151sre, akit viszontl\u00e1tni mindig kellemes \u00e9s \u00f6r\u00f6mteli. Ti is r\u00e1csod\u00e1lkoztatok m\u00e1r, hogy h\u00e1nyf\u00e9le arc\u00e1t tudja mutatni? Pont olyan, mint az UrbanGo, ha egyszer megszereted, nem enged \u2013 viszont nem lehet megunni! Sokan k\u00e9rt\u00e9tek, mi is szerett\u00fck volna \u2013 \u00edgy mostant\u00f3l a Balatonon sem [&hellip;]<\/p>","protected":false},"author":1,"featured_media":0,"parent":0,"menu_order":0,"comment_status":"closed","ping_status":"closed","template":"city.php","meta":{"_acf_changed":false,"footnotes":""},"class_list":["post-5636","page","type-page","status-publish","hentry"],"acf":[],"_links":{"self":[{"href":"https:\/\/balaton.urbango.hu\/en\/wp-json\/wp\/v2\/pages\/5636","targetHints":{"allow":["GET"]}}],"collection":[{"href":"https:\/\/balaton.urbango.hu\/en\/wp-json\/wp\/v2\/pages"}],"about":[{"href":"https:\/\/balaton.urbango.hu\/en\/wp-json\/wp\/v2\/types\/page"}],"author":[{"embeddable":true,"href":"https:\/\/balaton.urbango.hu\/en\/wp-json\/wp\/v2\/users\/1"}],"replies":[{"embeddable":true,"href":"https:\/\/balaton.urbango.hu\/en\/wp-json\/wp\/v2\/comments?post=5636"}],"version-history":[{"count":1,"href":"https:\/\/balaton.urbango.hu\/en\/wp-json\/wp\/v2\/pages\/5636\/revisions"}],"predecessor-version":[{"id":5637,"href":"https:\/\/balaton.urbango.hu\/en\/wp-json\/wp\/v2\/pages\/5636\/revisions\/5637"}],"wp:attachment":[{"href":"https:\/\/balaton.urbango.hu\/en\/wp-json\/wp\/v2\/media?parent=5636"}],"curies":[{"name":"wp","href":"https:\/\/api.w.org\/{rel}","templated":true}]}}