{"id":49,"date":"2019-11-14T10:46:45","date_gmt":"2019-11-14T10:46:45","guid":{"rendered":"http:\/\/balaton.urbango.hu\/?page_id=49"},"modified":"2024-06-21T11:21:28","modified_gmt":"2024-06-21T09:21:28","slug":"elerhetoseg","status":"publish","type":"page","link":"https:\/\/balaton.urbango.hu\/en\/elerhetoseg\/","title":{"rendered":"El\u00e9rhet\u0151s\u00e9g"},"content":{"rendered":"<ul class=\"vertical\">\n\t\t<li>\n\t\t\t<span>Tourinform iroda 8237 Tihany, M\u00e1dl Ferenc t\u00e9r 1.\n<\/span>\n\t\t<\/li>\n\t\t<li>\n\t\t\t<span>H-P: 10:00 &#8211; 17:00<\/span>\n\t\t<\/li>\n\t\t<li>\n\t\t\t<a href=\"mailto:reni@urbango.hu\">reni@urbango.hu<\/a>\n\t\t<\/li>\n\t\t<li>\n\t\t\t<a href=\"tel:+36 70 675 1126\">+36 70 675 1126<\/a>\n\t\t<\/li>\n\t<\/ul>","protected":false},"excerpt":{"rendered":"<p>Tourinform iroda 8237 Tihany, M\u00e1dl Ferenc t\u00e9r 1. H-P: 10:00 &#8211; 17:00 reni@urbango.hu +36 70 675 1126<\/p>","protected":false},"author":1,"featured_media":0,"parent":0,"menu_order":0,"comment_status":"closed","ping_status":"closed","template":"contacts.php","meta":{"_acf_changed":false,"footnotes":""},"class_list":["post-49","page","type-page","status-publish","hentry"],"acf":[],"_links":{"self":[{"href":"https:\/\/balaton.urbango.hu\/en\/wp-json\/wp\/v2\/pages\/49","targetHints":{"allow":["GET"]}}],"collection":[{"href":"https:\/\/balaton.urbango.hu\/en\/wp-json\/wp\/v2\/pages"}],"about":[{"href":"https:\/\/balaton.urbango.hu\/en\/wp-json\/wp\/v2\/types\/page"}],"author":[{"embeddable":true,"href":"https:\/\/balaton.urbango.hu\/en\/wp-json\/wp\/v2\/users\/1"}],"replies":[{"embeddable":true,"href":"https:\/\/balaton.urbango.hu\/en\/wp-json\/wp\/v2\/comments?post=49"}],"version-history":[{"count":5,"href":"https:\/\/balaton.urbango.hu\/en\/wp-json\/wp\/v2\/pages\/49\/revisions"}],"predecessor-version":[{"id":5659,"href":"https:\/\/balaton.urbango.hu\/en\/wp-json\/wp\/v2\/pages\/49\/revisions\/5659"}],"wp:attachment":[{"href":"https:\/\/balaton.urbango.hu\/en\/wp-json\/wp\/v2\/media?parent=49"}],"curies":[{"name":"wp","href":"https:\/\/api.w.org\/{rel}","templated":true}]}}